{"id":29,"date":"2016-03-21T16:09:52","date_gmt":"2016-03-21T15:09:52","guid":{"rendered":"http:\/\/labottegadelgelato.it\/wp\/?page_id=29"},"modified":"2019-05-10T11:24:05","modified_gmt":"2019-05-10T09:24:05","slug":"frutta","status":"publish","type":"page","link":"https:\/\/labottegadelgelato.it\/it\/prodotti\/frutta\/","title":{"rendered":"Frutta ripiena di gelato"},"content":{"rendered":"<p>\u201cDatemi un frutto e ne far\u00f2 un sorbetto\u201d questa frase del fondatore Giunetto Cardelli \u00e8 entrata negli aneddoti de \u201cLa Bottega del Gelato&#8221;, a dimostrazione dell\u2019amplissima variet\u00e0 di gusti alla frutta che vengono prodotti. Tale variet\u00e0, in continuo sviluppo, \u00e8 il risultato di una lunga ricerca sia del processo di produzione del gelato che del tipo di frutta da utilizzare. Il risultato \u00e8 ben visibile in negozio, all&#8217;interno della nostra vetrina refrigerata, nella quale si possono ammirare mediamente 25 diverse variet\u00e0 di frutta ripiena, dalla frutta mediterranea a quella tropicale ed equatoriale.<\/p>","protected":false},"excerpt":{"rendered":"<p>\u201cDatemi un frutto e ne far\u00f2 un sorbetto\u201d questa frase del fondatore Giunetto Cardelli \u00e8 entrata negli aneddoti de \u201cLa Bottega del Gelato&#8221;, a dimostrazione dell\u2019amplissima variet\u00e0 di gusti alla frutta che vengono prodotti. Tale variet\u00e0, in continuo sviluppo, \u00e8 il risultato di una lunga ricerca sia del processo di produzione del gelato che del [&hellip;]<\/p>\n","protected":false},"author":1,"featured_media":1167,"parent":13,"menu_order":0,"comment_status":"closed","ping_status":"closed","template":"prodotti-interno.php","meta":{"footnotes":""},"class_list":["post-29","page","type-page","status-publish","has-post-thumbnail","hentry"],"_links":{"self":[{"href":"https:\/\/labottegadelgelato.it\/it\/wp-json\/wp\/v2\/pages\/29","targetHints":{"allow":["GET"]}}],"collection":[{"href":"https:\/\/labottegadelgelato.it\/it\/wp-json\/wp\/v2\/pages"}],"about":[{"href":"https:\/\/labottegadelgelato.it\/it\/wp-json\/wp\/v2\/types\/page"}],"author":[{"embeddable":true,"href":"https:\/\/labottegadelgelato.it\/it\/wp-json\/wp\/v2\/users\/1"}],"replies":[{"embeddable":true,"href":"https:\/\/labottegadelgelato.it\/it\/wp-json\/wp\/v2\/comments?post=29"}],"version-history":[{"count":7,"href":"https:\/\/labottegadelgelato.it\/it\/wp-json\/wp\/v2\/pages\/29\/revisions"}],"predecessor-version":[{"id":1311,"href":"https:\/\/labottegadelgelato.it\/it\/wp-json\/wp\/v2\/pages\/29\/revisions\/1311"}],"up":[{"embeddable":true,"href":"https:\/\/labottegadelgelato.it\/it\/wp-json\/wp\/v2\/pages\/13"}],"wp:featuredmedia":[{"embeddable":true,"href":"https:\/\/labottegadelgelato.it\/it\/wp-json\/wp\/v2\/media\/1167"}],"wp:attachment":[{"href":"https:\/\/labottegadelgelato.it\/it\/wp-json\/wp\/v2\/media?parent=29"}],"curies":[{"name":"wp","href":"https:\/\/api.w.org\/{rel}","templated":true}]}}