{"id":19,"date":"2016-03-21T16:07:49","date_gmt":"2016-03-21T15:07:49","guid":{"rendered":"http:\/\/labottegadelgelato.it\/wp\/?page_id=19"},"modified":"2022-01-18T16:42:54","modified_gmt":"2022-01-18T15:42:54","slug":"contatti","status":"publish","type":"page","link":"https:\/\/labottegadelgelato.it\/it\/contatti\/","title":{"rendered":"Contatti"},"content":{"rendered":"<p>Per qualsiasi informazione, compila il form sottostante e il nostro staff ti risponder\u00e0 il prima possibile.<br \/>\n\n<div class=\"wpcf7 no-js\" id=\"wpcf7-f445-o1\" lang=\"it-IT\" dir=\"ltr\" data-wpcf7-id=\"445\">\n<div class=\"screen-reader-response\"><p role=\"status\" aria-live=\"polite\" aria-atomic=\"true\"><\/p> <ul><\/ul><\/div>\n<form action=\"\/it\/wp-json\/wp\/v2\/pages\/19#wpcf7-f445-o1\" method=\"post\" class=\"wpcf7-form init\" aria-label=\"Modulo di contatto\" novalidate=\"novalidate\" data-status=\"init\">\n<fieldset class=\"hidden-fields-container\"><input type=\"hidden\" name=\"_wpcf7\" value=\"445\" \/><input type=\"hidden\" name=\"_wpcf7_version\" value=\"6.1.5\" \/><input type=\"hidden\" name=\"_wpcf7_locale\" value=\"it_IT\" \/><input type=\"hidden\" name=\"_wpcf7_unit_tag\" value=\"wpcf7-f445-o1\" \/><input type=\"hidden\" name=\"_wpcf7_container_post\" value=\"0\" \/><input type=\"hidden\" name=\"_wpcf7_posted_data_hash\" value=\"\" \/>\n<\/fieldset>\n<p><span class=\"wpcf7-form-control-wrap\" data-name=\"your-name\"><input size=\"40\" maxlength=\"400\" class=\"wpcf7-form-control wpcf7-text wpcf7-validates-as-required\" aria-required=\"true\" aria-invalid=\"false\" placeholder=\"NOME *\" value=\"\" type=\"text\" name=\"your-name\" \/><\/span>\n<\/p>\n<p><span class=\"wpcf7-form-control-wrap\" data-name=\"your-email\"><input size=\"40\" maxlength=\"400\" class=\"wpcf7-form-control wpcf7-email wpcf7-validates-as-required wpcf7-text wpcf7-validates-as-email\" aria-required=\"true\" aria-invalid=\"false\" placeholder=\"EMAIL *\" value=\"\" type=\"email\" name=\"your-email\" \/><\/span>\n<\/p>\n<p><span class=\"wpcf7-form-control-wrap\" data-name=\"tel-370\"><input size=\"40\" maxlength=\"400\" class=\"wpcf7-form-control wpcf7-tel wpcf7-text wpcf7-validates-as-tel\" aria-invalid=\"false\" placeholder=\"TELEFONO\" value=\"\" type=\"tel\" name=\"tel-370\" \/><\/span>\n<\/p>\n<p><span class=\"wpcf7-form-control-wrap\" data-name=\"your-message\"><textarea cols=\"40\" rows=\"10\" maxlength=\"2000\" class=\"wpcf7-form-control wpcf7-textarea wpcf7-validates-as-required\" aria-required=\"true\" aria-invalid=\"false\" placeholder=\"MESSAGGIO *\" name=\"your-message\"><\/textarea><\/span>\n<\/p>\n<p id=\"legale\">I tuoi dati personali saranno trattati secondo le modalit\u00e0 espresse nella sezione Area Legale.\n<\/p>\n<p><input class=\"wpcf7-form-control wpcf7-submit has-spinner\" type=\"submit\" value=\"INVIA\" \/>\n<\/p><p style=\"display: none !important;\" class=\"akismet-fields-container\" data-prefix=\"_wpcf7_ak_\"><label>&#916;<textarea name=\"_wpcf7_ak_hp_textarea\" cols=\"45\" rows=\"8\" maxlength=\"100\"><\/textarea><\/label><input type=\"hidden\" id=\"ak_js_1\" name=\"_wpcf7_ak_js\" value=\"243\"\/><script type=\"text\/javascript\">\n\/* <![CDATA[ *\/\ndocument.getElementById( \"ak_js_1\" ).setAttribute( \"value\", ( new Date() ).getTime() );\n\/* ]]> *\/\n<\/script>\n<\/p><div class=\"wpcf7-response-output\" aria-hidden=\"true\"><\/div>\n<\/form>\n<\/div>\n<\/p>\n<p>La nostra esperienza cinquantennale nella preparazione del gelato \u00e8 a servizio anche di chi abbia ordinativi speciali e pi\u00f9 impegnativi di dessert di gelato per banchetti, serate speciali ed eventi.<\/p>\n<p>Contattateci senza impegno per avere maggiori informazioni al seguente indirizzo:<br \/>\n<a href=\"mailto:info@labottegadelgelato.it\">info@labottegadelgelato.it<\/a><\/p>","protected":false},"excerpt":{"rendered":"<p>Per qualsiasi informazione, compila il form sottostante e il nostro staff ti risponder\u00e0 il prima possibile. La nostra esperienza cinquantennale nella preparazione del gelato \u00e8 a servizio anche di chi abbia ordinativi speciali e pi\u00f9 impegnativi di dessert di gelato per banchetti, serate speciali ed eventi. Contattateci senza impegno per avere maggiori informazioni al seguente [&hellip;]<\/p>\n","protected":false},"author":1,"featured_media":0,"parent":0,"menu_order":0,"comment_status":"closed","ping_status":"closed","template":"contatti.php","meta":{"footnotes":""},"class_list":["post-19","page","type-page","status-publish","hentry"],"_links":{"self":[{"href":"https:\/\/labottegadelgelato.it\/it\/wp-json\/wp\/v2\/pages\/19","targetHints":{"allow":["GET"]}}],"collection":[{"href":"https:\/\/labottegadelgelato.it\/it\/wp-json\/wp\/v2\/pages"}],"about":[{"href":"https:\/\/labottegadelgelato.it\/it\/wp-json\/wp\/v2\/types\/page"}],"author":[{"embeddable":true,"href":"https:\/\/labottegadelgelato.it\/it\/wp-json\/wp\/v2\/users\/1"}],"replies":[{"embeddable":true,"href":"https:\/\/labottegadelgelato.it\/it\/wp-json\/wp\/v2\/comments?post=19"}],"version-history":[{"count":47,"href":"https:\/\/labottegadelgelato.it\/it\/wp-json\/wp\/v2\/pages\/19\/revisions"}],"predecessor-version":[{"id":1470,"href":"https:\/\/labottegadelgelato.it\/it\/wp-json\/wp\/v2\/pages\/19\/revisions\/1470"}],"wp:attachment":[{"href":"https:\/\/labottegadelgelato.it\/it\/wp-json\/wp\/v2\/media?parent=19"}],"curies":[{"name":"wp","href":"https:\/\/api.w.org\/{rel}","templated":true}]}}