{"id":15,"date":"2016-03-21T16:07:23","date_gmt":"2016-03-21T15:07:23","guid":{"rendered":"http:\/\/labottegadelgelato.it\/wp\/?page_id=15"},"modified":"2019-05-10T12:55:47","modified_gmt":"2019-05-10T10:55:47","slug":"press","status":"publish","type":"page","link":"https:\/\/labottegadelgelato.it\/it\/press\/","title":{"rendered":"Dicono di noi"},"content":{"rendered":"<p>La Bottega del Gelato con l\u2019eccellenza dei suoi prodotti ha attirato l\u2019attenzione della stampa nazionale ed internazionale e anche dei mass media che ci hanno dedicato pi\u00f9 volte uno spazio particolare. Al di l\u00e0 dei numerosi premi e riconoscimenti, la pi\u00f9 grande soddisfazione sono i commenti positivi alla qualit\u00e0 del nostro gelato, sia da parte dei clienti che dalla critica. La Bottega del Gelato \u00e8, infatti, da decenni costantemente ai primi posti delle classifiche delle migliori gelaterie e consigliata da numerose importanti guide come ad esempio quella del Gambero Rosso.<\/p>","protected":false},"excerpt":{"rendered":"<p>La Bottega del Gelato con l\u2019eccellenza dei suoi prodotti ha attirato l\u2019attenzione della stampa nazionale ed internazionale e anche dei mass media che ci hanno dedicato pi\u00f9 volte uno spazio particolare. Al di l\u00e0 dei numerosi premi e riconoscimenti, la pi\u00f9 grande soddisfazione sono i commenti positivi alla qualit\u00e0 del nostro gelato, sia da parte [&hellip;]<\/p>\n","protected":false},"author":1,"featured_media":0,"parent":0,"menu_order":0,"comment_status":"closed","ping_status":"closed","template":"press.php","meta":{"footnotes":""},"class_list":["post-15","page","type-page","status-publish","hentry"],"_links":{"self":[{"href":"https:\/\/labottegadelgelato.it\/it\/wp-json\/wp\/v2\/pages\/15","targetHints":{"allow":["GET"]}}],"collection":[{"href":"https:\/\/labottegadelgelato.it\/it\/wp-json\/wp\/v2\/pages"}],"about":[{"href":"https:\/\/labottegadelgelato.it\/it\/wp-json\/wp\/v2\/types\/page"}],"author":[{"embeddable":true,"href":"https:\/\/labottegadelgelato.it\/it\/wp-json\/wp\/v2\/users\/1"}],"replies":[{"embeddable":true,"href":"https:\/\/labottegadelgelato.it\/it\/wp-json\/wp\/v2\/comments?post=15"}],"version-history":[{"count":6,"href":"https:\/\/labottegadelgelato.it\/it\/wp-json\/wp\/v2\/pages\/15\/revisions"}],"predecessor-version":[{"id":1418,"href":"https:\/\/labottegadelgelato.it\/it\/wp-json\/wp\/v2\/pages\/15\/revisions\/1418"}],"wp:attachment":[{"href":"https:\/\/labottegadelgelato.it\/it\/wp-json\/wp\/v2\/media?parent=15"}],"curies":[{"name":"wp","href":"https:\/\/api.w.org\/{rel}","templated":true}]}}